{"id":20,"date":"2025-12-23T10:42:40","date_gmt":"2025-12-23T10:42:40","guid":{"rendered":"https:\/\/ruthildkropp.de\/?page_id=20"},"modified":"2026-01-13T08:53:38","modified_gmt":"2026-01-13T08:53:38","slug":"autorin","status":"publish","type":"page","link":"https:\/\/ruthildkropp.de\/?page_id=20","title":{"rendered":"Autorin"},"content":{"rendered":"\n<p>Von der Doktorarbeit bis zu Projekten mit Freunden und Bekannten &#8211; hier meine Sachbuchver\u00f6ffentlichungen.<\/p>\n\n\n\n<div style=\"height:50px\" aria-hidden=\"true\" class=\"wp-block-spacer\"><\/div>\n\n\n\n<h3 class=\"wp-block-heading has-text-align-left is-style-default\">Unbekannte Mitbewohner &#8211; Das Who&#8217;s Who unserer tierischen Nachbarn (2018)<\/h3>\n\n\n\n<div style=\"height:20px\" aria-hidden=\"true\" class=\"wp-block-spacer\"><\/div>\n\n\n\n<figure class=\"wp-block-image size-full is-resized has-custom-border\"><img loading=\"lazy\" decoding=\"async\" width=\"298\" height=\"445\" src=\"http:\/\/ruthildkropp.de\/wp-content\/uploads\/2026\/01\/41mRUkpBKsL._SY445_SX342_ML2_.jpg\" alt=\"\" class=\"wp-image-97\" style=\"border-width:1px;width:240px\" srcset=\"https:\/\/ruthildkropp.de\/wp-content\/uploads\/2026\/01\/41mRUkpBKsL._SY445_SX342_ML2_.jpg 298w, https:\/\/ruthildkropp.de\/wp-content\/uploads\/2026\/01\/41mRUkpBKsL._SY445_SX342_ML2_-201x300.jpg 201w\" sizes=\"auto, (max-width: 298px) 100vw, 298px\" \/><\/figure>\n\n\n\n<div style=\"height:50px\" aria-hidden=\"true\" class=\"wp-block-spacer\"><\/div>\n\n\n\n<p style=\"font-size:17px\"><em>Klappentext:<\/em>&nbsp;T\u00e4glich begegnen wir Tieren, deren Namen wir kennen, \u00fcber die wir jedoch nichts oder kaum etwas wissen. Und das, obwohl sie in unser allern\u00e4chsten Umgebung leben. Wir verscheuchen die Wespe beim Kaffeetrinken im Freien, finden das Gl\u00fchw\u00fcrmchen romantisch und die Spinne im Keller eklig, wir bek\u00e4mpfen Motten im Kleiderschrank, suchen den Hund nach Zecken ab oder sehen ein Silberfischchen durch das Badezimmer huschen. Doch wie leben diese Tiere? Wie vermehren sie sich? Was fressen sie? Gab es sie vielleicht schon vor Ur-Zeiten, und was dachten Menschen vergangener Zivilisationen \u00fcber sie?<br>Unterhaltend und kenntnisreich stellen uns die Autorinnen scheinbar bekannte Tiere vor, die mit uns oder um uns herum leben und eben unsere &#8222;unbekannten Mitbewohner&#8220; sind. Nach der Lekt\u00fcre werden Sie Kakerlaken, M\u00e4use und Co. mit ganz anderen Augen sehen!<\/p>\n\n\n\n<div style=\"height:50px\" aria-hidden=\"true\" class=\"wp-block-spacer\"><\/div>\n\n\n\n<h3 class=\"wp-block-heading has-text-align-left\">Genial gesch\u00fctzt &#8211; Raffinierte Verpackungen in der Natur (2015)<\/h3>\n\n\n\n<div style=\"height:20px\" aria-hidden=\"true\" class=\"wp-block-spacer\"><\/div>\n\n\n\n<figure class=\"wp-block-image size-full is-resized\"><img loading=\"lazy\" decoding=\"async\" width=\"637\" height=\"800\" src=\"https:\/\/ruthildkropp.de\/wp-content\/uploads\/2026\/01\/9e3ddd52627780102ddd46e1f0f896a625381965_frontcover_media_9905968.webp\" alt=\"\" class=\"wp-image-94\" style=\"width:234px\" srcset=\"https:\/\/ruthildkropp.de\/wp-content\/uploads\/2026\/01\/9e3ddd52627780102ddd46e1f0f896a625381965_frontcover_media_9905968.webp 637w, https:\/\/ruthildkropp.de\/wp-content\/uploads\/2026\/01\/9e3ddd52627780102ddd46e1f0f896a625381965_frontcover_media_9905968-239x300.webp 239w\" sizes=\"auto, (max-width: 637px) 100vw, 637px\" \/><\/figure>\n\n\n\n<div style=\"height:20px\" aria-hidden=\"true\" class=\"wp-block-spacer\"><\/div>\n\n\n\n<p style=\"font-size:17px\"><em>Klappentext:<\/em>&nbsp;Ob Baumrinde oder Eierschale, ob Pflanzenpollen oder Samenkapseln, ob Bienenwaben oder die Erdkruste: Die Natur ist ein gro\u00dfartiger Erfinder, wenn es darum geht, sich zu sch\u00fctzen. Viele dieser Verpackungen der Natur sind verbl\u00fcffende und spannende chemische, architektonische oder physikalische Meisterwerke. Schon lange hat die Industrie die nat\u00fcrlichen Verpackungen entdeckt und erforscht ihre Strukturen. Diese dienen als Vorbild f\u00fcr eine un\u00fcberschaubare Zahl an n\u00fctzlichen und praktischen Dingen unseres Alltags. So werden neue Oberfl\u00e4chen und Lacke, die im Flugzeug- und Schiffbau Verwendung finden, nach dem Muster von Haifischhaut entwickelt und die Kokosnuss dient als Vorlage f\u00fcr technische Konstruktionen wie Motorrad- und Fahrradhelme oder auch kugelsichere Westen.<\/p>\n\n\n\n<div style=\"height:50px\" aria-hidden=\"true\" class=\"wp-block-spacer\"><\/div>\n\n\n\n<h3 class=\"wp-block-heading has-text-align-left\">Pferde in Kunst und Literatur (2009)<\/h3>\n\n\n\n<div style=\"height:20px\" aria-hidden=\"true\" class=\"wp-block-spacer\"><\/div>\n\n\n\n<figure class=\"wp-block-image size-full\"><img loading=\"lazy\" decoding=\"async\" width=\"307\" height=\"350\" src=\"http:\/\/ruthildkropp.de\/wp-content\/uploads\/2026\/01\/bd439fb3e8a0b00a920a1b91abe5a39b5276ecf7_frontcover_media_2450963.webp\" alt=\"\" class=\"wp-image-92\" srcset=\"https:\/\/ruthildkropp.de\/wp-content\/uploads\/2026\/01\/bd439fb3e8a0b00a920a1b91abe5a39b5276ecf7_frontcover_media_2450963.webp 307w, https:\/\/ruthildkropp.de\/wp-content\/uploads\/2026\/01\/bd439fb3e8a0b00a920a1b91abe5a39b5276ecf7_frontcover_media_2450963-263x300.webp 263w\" sizes=\"auto, (max-width: 307px) 100vw, 307px\" \/><\/figure>\n\n\n\n<div style=\"height:13px\" aria-hidden=\"true\" class=\"wp-block-spacer\"><\/div>\n\n\n\n<p style=\"font-size:17px\"><em>Klappentext:<\/em>&nbsp;Pferde sind seit Jahrtausenden Teil des menschlichen Alltags, zum einen als Nahrungs- und Transportmittel, \u201eSportger\u00e4t\u201c und Statussymbol, zum anderen \u00fcberh\u00f6ht in Mythologie und Aberglaube etwa als Totenpferde, Geisterrosse oder Windpferde. Die Moderne gab ihnen menschliche Attribute, z. B. in der Rolle des mutigen Kriegspferds, des leidenden Droschkengauls oder eines Freiheitssymbols. Diese Vielfalt der Motive hat zu allen Zeiten Schriftsteller und Maler angeregt, die unterschiedlichen Sinngehalte des Pferdes zu verewigen. Das vorliegende Buch sucht die Verbindung zwischen Wort und Bild, indem es Werke der bildenden Kunst und der Literatur zusammenf\u00fchrt. So ergeben sich \u00fcberraschende Verkn\u00fcpfungen \u2013 mal kontrastreiche, mal harmonische \u2013 nicht nur zwischen zwei unterschiedlichen Kunstrichtungen, sondern auch zwischen verschiedenen Zeiten, Stilen und Epochen, die immer und immer wieder von einem begeistert waren: dem Pferd. Dieses Buch bietet so einen etwas anderen, ungew\u00f6hnlichen Zugang zum Pferd. Es wendet sich an alle Reiter und Pferdeliebhaber, an Verehrer guter, teilweise wenig bekannter Lyrik und Prosa und an Bewunderer von Werken der bildenden Kunst.<\/p>\n\n\n\n<div style=\"height:50px\" aria-hidden=\"true\" class=\"wp-block-spacer\"><\/div>\n\n\n\n<h3 class=\"wp-block-heading\">Konstanz und Wandel der Pferdedarstellung in der neueren deutschen Literatur<\/h3>\n\n\n\n<p>Meine Doktorarbeit<\/p>\n\n\n\n<div style=\"height:20px\" aria-hidden=\"true\" class=\"wp-block-spacer\"><\/div>\n\n\n\n<figure class=\"wp-block-image size-full is-resized\"><img loading=\"lazy\" decoding=\"async\" width=\"300\" height=\"425\" src=\"http:\/\/ruthildkropp.de\/wp-content\/uploads\/2026\/01\/41b1X68N75L._SY425_-1.jpg\" alt=\"\" class=\"wp-image-104\" style=\"width:240px\" srcset=\"https:\/\/ruthildkropp.de\/wp-content\/uploads\/2026\/01\/41b1X68N75L._SY425_-1.jpg 300w, https:\/\/ruthildkropp.de\/wp-content\/uploads\/2026\/01\/41b1X68N75L._SY425_-1-212x300.jpg 212w\" sizes=\"auto, (max-width: 300px) 100vw, 300px\" \/><\/figure>\n\n\n\n<div style=\"height:20px\" aria-hidden=\"true\" class=\"wp-block-spacer\"><\/div>\n\n\n\n<p><\/p>\n","protected":false},"excerpt":{"rendered":"<p>Von der Doktorarbeit bis zu Projekten mit Freunden und Bekannten &#8211; hier meine Sachbuchver\u00f6ffentlichungen. Unbekannte Mitbewohner &#8211; Das Who&#8217;s Who [&hellip;]<\/p>\n","protected":false},"author":1,"featured_media":0,"parent":0,"menu_order":0,"comment_status":"closed","ping_status":"closed","template":"","meta":{"site-sidebar-layout":"default","site-content-layout":"","ast-site-content-layout":"default","site-content-style":"default","site-sidebar-style":"default","ast-global-header-display":"","ast-banner-title-visibility":"","ast-main-header-display":"","ast-hfb-above-header-display":"","ast-hfb-below-header-display":"","ast-hfb-mobile-header-display":"","site-post-title":"","ast-breadcrumbs-content":"","ast-featured-img":"","footer-sml-layout":"","ast-disable-related-posts":"","theme-transparent-header-meta":"","adv-header-id-meta":"","stick-header-meta":"","header-above-stick-meta":"","header-main-stick-meta":"","header-below-stick-meta":"","astra-migrate-meta-layouts":"default","ast-page-background-enabled":"default","ast-page-background-meta":{"desktop":{"background-color":"var(--ast-global-color-5)","background-image":"","background-repeat":"repeat","background-position":"center center","background-size":"auto","background-attachment":"scroll","background-type":"","background-media":"","overlay-type":"","overlay-color":"","overlay-opacity":"","overlay-gradient":""},"tablet":{"background-color":"","background-image":"","background-repeat":"repeat","background-position":"center center","background-size":"auto","background-attachment":"scroll","background-type":"","background-media":"","overlay-type":"","overlay-color":"","overlay-opacity":"","overlay-gradient":""},"mobile":{"background-color":"","background-image":"","background-repeat":"repeat","background-position":"center center","background-size":"auto","background-attachment":"scroll","background-type":"","background-media":"","overlay-type":"","overlay-color":"","overlay-opacity":"","overlay-gradient":""}},"ast-content-background-meta":{"desktop":{"background-color":"var(--ast-global-color-4)","background-image":"","background-repeat":"repeat","background-position":"center center","background-size":"auto","background-attachment":"scroll","background-type":"","background-media":"","overlay-type":"","overlay-color":"","overlay-opacity":"","overlay-gradient":""},"tablet":{"background-color":"var(--ast-global-color-4)","background-image":"","background-repeat":"repeat","background-position":"center center","background-size":"auto","background-attachment":"scroll","background-type":"","background-media":"","overlay-type":"","overlay-color":"","overlay-opacity":"","overlay-gradient":""},"mobile":{"background-color":"var(--ast-global-color-4)","background-image":"","background-repeat":"repeat","background-position":"center center","background-size":"auto","background-attachment":"scroll","background-type":"","background-media":"","overlay-type":"","overlay-color":"","overlay-opacity":"","overlay-gradient":""}},"footnotes":""},"class_list":["post-20","page","type-page","status-publish","hentry"],"_links":{"self":[{"href":"https:\/\/ruthildkropp.de\/index.php?rest_route=\/wp\/v2\/pages\/20","targetHints":{"allow":["GET"]}}],"collection":[{"href":"https:\/\/ruthildkropp.de\/index.php?rest_route=\/wp\/v2\/pages"}],"about":[{"href":"https:\/\/ruthildkropp.de\/index.php?rest_route=\/wp\/v2\/types\/page"}],"author":[{"embeddable":true,"href":"https:\/\/ruthildkropp.de\/index.php?rest_route=\/wp\/v2\/users\/1"}],"replies":[{"embeddable":true,"href":"https:\/\/ruthildkropp.de\/index.php?rest_route=%2Fwp%2Fv2%2Fcomments&post=20"}],"version-history":[{"count":36,"href":"https:\/\/ruthildkropp.de\/index.php?rest_route=\/wp\/v2\/pages\/20\/revisions"}],"predecessor-version":[{"id":106,"href":"https:\/\/ruthildkropp.de\/index.php?rest_route=\/wp\/v2\/pages\/20\/revisions\/106"}],"wp:attachment":[{"href":"https:\/\/ruthildkropp.de\/index.php?rest_route=%2Fwp%2Fv2%2Fmedia&parent=20"}],"curies":[{"name":"wp","href":"https:\/\/api.w.org\/{rel}","templated":true}]}}